{"id":8339,"date":"2023-11-03T14:15:00","date_gmt":"2023-11-03T18:15:00","guid":{"rendered":"https:\/\/www.aclukansas.org\/?page_id=8339"},"modified":"2025-09-22T15:18:10","modified_gmt":"2025-09-22T19:18:10","slug":"ha-estado-encarcelado-anteriormente-es-probable-que-sea-elegible-para-votar","status":"publish","type":"page","link":"https:\/\/www.aclukansas.org\/es\/ha-estado-encarcelado-anteriormente-es-probable-que-sea-elegible-para-votar\/","title":{"rendered":"\u00bfHa estado encarcelado anteriormente? \u00a1Es probable que sea elegible para votar!"},"content":{"rendered":"","protected":false},"excerpt":{"rendered":"","protected":false},"author":8,"featured_media":0,"parent":0,"menu_order":0,"comment_status":"closed","ping_status":"closed","template":"","meta":{"_acf_changed":false,"_relevanssi_hide_post":"","_relevanssi_hide_content":"","_relevanssi_pin_for_all":"","_relevanssi_pin_keywords":"","_relevanssi_unpin_keywords":"","_relevanssi_related_keywords":"","_relevanssi_related_include_ids":"","_relevanssi_related_exclude_ids":"","_relevanssi_related_no_append":"","_relevanssi_related_not_related":"","_relevanssi_related_posts":"","_relevanssi_noindex_reason":"","footnotes":""},"class_list":["post-8339","page","type-page","status-publish","hentry"],"acf":{"layout":"default","header-group":{"header-description":"","show-subnav":false,"hide-from-subnav":false},"components":[{"acf_fc_layout":"text","text":{"text":"En Kansas, cuando las personas son condenadas por un delito grave, pierden la capacidad de votar-esto se llama \"privaci\u00f3n del derecho al voto por delito grave\". Lo que mucha gente no sabe es que despu\u00e9s de cumplir su condena (incluyendo cualquier per\u00edodo de libertad supervisada), s\u00ed se puede votar.\r\n\r\nNuestro proyecto de restauraci\u00f3n de votantes en Kansas, Restore My Vote, busca asegurar que cada votante elegible tenga las herramientas para ser una parte activa de su comunidad y hacer que su voz sea escuchada. La privaci\u00f3n parcial del derecho al voto por delito grave en Kansas hace m\u00e1s que impedir legalmente que los habitantes de Kansas voten durante su condena - incluso despu\u00e9s de que vuelven a ser elegibles, crea confusi\u00f3n, crea obst\u00e1culos para votar y los desalienta a persistir incluso si se les ha negado el tr\u00e1mite por error. Algunos miembros de la comunidad han reportado que, al registrarse para votar en sus oficinas electorales locales despu\u00e9s de cumplir con la elegibilidad, inicialmente fueron negados dado que los registros de la corte no estaban actualizados.\r\n\r\n<strong>Si has cumplido tu condena, incluidas la libertad condicional y la libertad supervisada, puedes registrarte para votar.<\/strong> Esto significa que has completado cualquier encarcelamiento, libertad condicional o libertad supervisada y has sido dado de alta oficialmente. Esto no incluye el <a href=\"https:\/\/www.aclukansas.org\/kansas-offender-registration-act\/\">registro como delincuente bajo KORA<\/a> -- estar obligado a registrarse bajo KORA no te descalifica para registrarte para votar porque no se considera parte de tu sentencia.\r\n\r\nEstamos trabajando con Free Our Vote, una organizaci\u00f3n comprometida con la restauraci\u00f3n del voto para los estadounidenses con condenas por delitos graves. ACLU de Kansas se ha asociado con ellos para recopilar informaci\u00f3n de los registros de la corte p\u00fablicos para que podamos llegar e informar a los residentes de Kansas afectados por la justicia de su derecho al voto. <a href=\"https:\/\/freeourvote.com\/\">Puede encontrar m\u00e1s informaci\u00f3n sobre Free Our Vote aqu\u00ed.<\/a>\r\n\r\nLa democracia es la herramienta que utilizamos para que los gobernantes rindan cuentas, y los Kanse\u00f1os afectados por el sistema tienen experiencia de primera mano con las pol\u00edticas de nuestro estado. Su voz es vital en nuestro proceso de toma de decisiones.\r\n\r\n<b>Restore My Vote - Kansas: contenido de la p\u00e1gina<\/b>\r\n<ul>\r\n \t<li><a href=\"https:\/\/www.aclukansas.org\/en\/restore-my-vote-voting-after-felony-kansas#register\">Reg\u00edstrate Para Votar o Verifica Tu Registro de Votante<\/a><\/li>\r\n \t<li><a href=\"https:\/\/www.aclukansas.org\/en\/restore-my-vote-voting-after-felony-kansas#resources\">Recursos: Conoce Tus Derechos<\/a><\/li>\r\n \t<li><a href=\"https:\/\/www.aclukansas.org\/en\/restore-my-vote-voting-after-felony-kansas#volunteer\">Invol\u00facrate<\/a><\/li>\r\n \t<li><a href=\"https:\/\/www.aclukansas.org\/en\/restore-my-vote-voting-after-felony-kansas#:~:text=Criminal%20Legal%20Reform-,DOCUMENTS,-PDF\">Recursos Para Imprimir<\/a><\/li>\r\n<\/ul>\r\n<b>Reg\u00edstrate Para Votar o Verifica Tu Registro de Votante<\/b>\r\n<ul>\r\n \t<li><a href=\"http:\/\/ksvotes.org\/\">Haz clic aqu\u00ed para registrarte para votar o para checar tu registro de votante a trav\u00e9s de ksvotes.org.<\/a><\/li>\r\n \t<li><a href=\"https:\/\/secure.ngpvan.com\/58YXovXlYk-lFPH4Vq4B_g2\">Si has intentado registrarte para votar en Kansas y has tenido problemas, incluso despu\u00e9s de completar tu sentencia por una condena por delito grave, ponte en contacto con nuestro equipo legal a continuaci\u00f3n<\/a><\/li>\r\n<\/ul>\r\n<strong><em>Por favor utilice estos recursos para ayudarle a re-registrarse para votar y lograr que su voz sea escuchada.<\/em><\/strong>\r\n<ul>\r\n \t<li><a href=\"https:\/\/www.aclukansas.org\/en\/know-your-rights\/know-your-voting-rights-voting-criminal-record#:~:text=What%20do%20I%20do%20if%20my%20voter%20registration%20is%20rejected%20even%20after%20my%20felony%20sentence%3F\">Qu\u00e9 hacer si rechazan tu registro: paso a paso<\/a><\/li>\r\n \t<li><a href=\"https:\/\/www.aclukansas.org\/en\/know-your-rights\/know-your-voting-rights-while-unhoused\">Conoce Tus Derechos: Votando Mientras Est\u00e1s Sin Vivienda<\/a><\/li>\r\n \t<li><a href=\"https:\/\/www.aclukansas.org\/en\/know-your-rights\/know-your-voting-rights-voting-jail\">Conoce Tus Derechos: Votando Desde la C\u00e1rcel<\/a><\/li>\r\n \t<li><a href=\"https:\/\/campaignlegal.org\/restoreyourvote\">Registro Para Votar Con Una Sentencia Por Delito Grave Fuera de Kansas<\/a><\/li>\r\n \t<li><a href=\"https:\/\/www.voteriders.org\/states\/kansas?lang=en\">Informaci\u00f3n Sobre la Identificaci\u00f3n del Votante<\/a><\/li>\r\n<\/ul>\r\n<b>Invol\u00facrate<\/b>\r\n<ul>\r\n \t<li>Puedes ayudarnos a correr la voz y a educar a nuestra comunidad sobre sus derechos. <a href=\"https:\/\/secure.ngpvan.com\/6p-T8Kciy0ibsZKkCOAIPQ2\">Haz clic aqu\u00ed para ser voluntario del Proyecto de Restauraci\u00f3n del Votante.<\/a><\/li>\r\n<\/ul>"}},{"acf_fc_layout":"single-image","single-image":{"":null,"image-group":{"image":"","":null,"caption":"","credit":"","link-settings":"custom","url":"https:\/\/secure.ngpvan.com\/58YXovXlYk-lFPH4Vq4B_g2"},"width":"standard","alignment":"left"}},{"acf_fc_layout":"text","text":{"text":"<a id=\"resources\" name=\"resources\"><\/a><strong>Resources: Know Your Rights<\/strong>\r\n<ul>\r\n \t<li><a href=\"https:\/\/www.aclukansas.org\/know-your-rights\/know-your-voting-rights-voting-criminal-record\/\">Know Your Rights: Voting with a Criminal Record<\/a><\/li>\r\n<\/ul>"}},{"acf_fc_layout":"single-image","single-image":{"":null,"image-group":{"image":"","":null,"caption":"","credit":"","link-settings":"custom","url":"https:\/\/www.aclukansas.org\/en\/know-your-rights\/know-your-voting-rights-voting-criminal-record"},"width":"standard","alignment":"left"}},{"acf_fc_layout":"text","text":{"text":"<ul>\r\n \t<li><a href=\"https:\/\/www.aclukansas.org\/en\/know-your-rights\/know-your-voting-rights-voting-criminal-record#:~:text=What%20do%20I%20do%20if%20my%20voter%20registration%20is%20rejected%20even%20after%20my%20felony%20sentence%3F\">What to do if your registration is rejected: step by step<\/a><\/li>\r\n \t<li><a href=\"https:\/\/www.aclukansas.org\/know-your-rights\/know-your-voting-rights-while-unhoused\/\">Know Your Rights: Voting while Unhoused or Homeless<\/a><\/li>\r\n \t<li><a href=\"https:\/\/www.aclukansas.org\/know-your-rights\/know-your-voting-rights-voting-jail\/\">Know Your Rights: Voting from Jail<\/a><\/li>\r\n \t<li><a href=\"https:\/\/campaignlegal.org\/restoreyourvote\">Registering to Vote with a Felony Conviction from Outside of Kansas<\/a><\/li>\r\n \t<li><a href=\"https:\/\/www.voteriders.org\/states\/kansas?lang=en\">Information on Voter ID<\/a><\/li>\r\n<\/ul>\r\n<strong><a id=\"volunteer\" name=\"volunteer\"><\/a>Get Involved <\/strong>\r\n<ul>\r\n \t<li>You can help us spread the word and educate our community about their rights. <a href=\"https:\/\/secure.ngpvan.com\/6p-T8Kciy0ibsZKkCOAIPQ2\"><strong>Click here to volunteer with the Voter Restoration Project<\/strong><\/a><\/li>\r\n<\/ul>"}},{"acf_fc_layout":"single-image","single-image":{"":null,"image-group":{"image":"","":null,"caption":"","credit":"","link-settings":"custom","url":"https:\/\/secure.ngpvan.com\/6p-T8Kciy0ibsZKkCOAIPQ2"},"width":"standard","alignment":"left"}},{"acf_fc_layout":"text","text":{"text":"<ul>\r\n \t<li>Our analysis reveals that a shockingly large number of Kansans\u201484,938, or 1 in every 35 people in the state\u2014are returning citizens who are eligible to vote. <a href=\"https:\/\/www.aclukansas.org\/publications\/unheard-voices-restoring-voting-rights-returning-citizens-build-inclusive-accountable\/\">Read our report, <em>Unheard Voice: Restoring Voting Rights to Returning Citizens to Build an Inclusive, Accountable Democracy in Kansas,<\/em> here. <\/a><\/li>\r\n<\/ul>"}},{"acf_fc_layout":"image-video-collection","image-video-collection":{"":null,"title":"","description":"","images-videos":[{"title":"Announcing the Voter Restoration Project","media-type":"youtube","image":null,"video":null,"oembed-url":"https:\/\/www.youtube.com\/watch?v=EszQc8d4akc","cover-image":"","credit":"","caption":"","description":"In Kansas, when people are convicted of a felony, they lose the ability to vote\u2014this is called \"felony disenfranchisement.\" What many people don't know is that once you've completed your sentence (including any term of supervised release), you can vote.","link-url":"","lightbox":true,"social-share-text":"","social-share-link":""},{"title":"What is Felony Disenfranchisement?","media-type":"youtube","image":null,"video":null,"oembed-url":"https:\/\/www.youtube.com\/watch?v=eGaxOCGkCdU","cover-image":"","credit":"","caption":"","description":"Felony disenfranchisement is often unknown or misunderstood\u2014here's an explainer to set the record straight.","link-url":"","lightbox":true,"social-share-text":"","social-share-link":""},{"title":"Unheard Voices \u2014 Daniel","media-type":"youtube","image":null,"video":null,"oembed-url":"https:\/\/www.youtube.com\/watch?v=EZBopMeTFts","cover-image":"","credit":"","caption":"","description":"Daniel shares his story of felony disenfranchisement.","link-url":"","lightbox":true,"social-share-text":"","social-share-link":""},{"title":"Unheard Voices \u2014 Latanya","media-type":"youtube","image":null,"video":null,"oembed-url":"https:\/\/www.youtube.com\/watch?v=AUu4C6QdefU","cover-image":"","credit":"","caption":"","description":"Latanya shares her story of felony disenfranchisement.","link-url":"","lightbox":true,"social-share-text":"","social-share-link":""},{"title":"Unheard Voices \u2014 Robin","media-type":"youtube","image":null,"video":null,"oembed-url":"https:\/\/www.youtube.com\/watch?v=G9-gWDIZ8Qo","cover-image":"","credit":"","caption":"","description":"Robin shares her story of felony disenfranchisement.","link-url":"","lightbox":true,"social-share-text":"","social-share-link":""},{"title":"Daniel \u2014 Registering to Vote with a Felony","media-type":"youtube","image":null,"video":null,"oembed-url":"https:\/\/www.youtube.com\/watch?v=bHchEL-7tts","cover-image":"","credit":"","caption":"","description":"Daniel shares the hardships he faced trying to register to vote after his felony.","link-url":"","lightbox":true,"social-share-text":"","social-share-link":""}],"display-type":"grid","images-per-row":4,"grid-type":"alignedrow","crop-size":"square","display-text":false}}],"section":null,"issues":[4778,4777],"related_content":[3406,5970,5958,3254,7273,3590,5995],"documents":[{"name":"restore_my_vote_and_kyr_training_zine.pdf","file":2549},{"name":"Voter Restoration Palm Cards (Print and Share)","file":2551},{"name":"Voter Restoration Palm Cards SPANISH (Print and Share)","file":2553}]},"yoast_head":"<!-- This site is optimized with the Yoast SEO plugin v24.9 - https:\/\/yoast.com\/wordpress\/plugins\/seo\/ -->\n<title>\u00bfHa estado encarcelado anteriormente? \u00a1Es probable que sea elegible para votar! - ACLU of Kansas<\/title>\n<meta name=\"robots\" content=\"index, follow, max-snippet:-1, max-image-preview:large, max-video-preview:-1\" \/>\n<link rel=\"canonical\" href=\"https:\/\/www.aclukansas.org\/es\/ha-estado-encarcelado-anteriormente-es-probable-que-sea-elegible-para-votar\/\" \/>\n<meta property=\"og:locale\" content=\"es_ES\" \/>\n<meta property=\"og:type\" content=\"article\" \/>\n<meta property=\"og:title\" content=\"\u00bfHa estado encarcelado anteriormente? \u00a1Es probable que sea elegible para votar! - ACLU of Kansas\" \/>\n<meta property=\"og:url\" content=\"https:\/\/www.aclukansas.org\/es\/ha-estado-encarcelado-anteriormente-es-probable-que-sea-elegible-para-votar\/\" \/>\n<meta property=\"og:site_name\" content=\"ACLU of Kansas\" \/>\n<meta property=\"article:publisher\" content=\"https:\/\/www.facebook.com\/aclukansas\" \/>\n<meta property=\"article:modified_time\" content=\"2025-09-22T19:18:10+00:00\" \/>\n<meta property=\"og:image\" content=\"https:\/\/www.aclukansas.org\/app\/themes\/aclu-parent\/img\/default_fb_share.jpg\" \/>\n<meta name=\"twitter:card\" content=\"summary_large_image\" \/>\n<meta name=\"twitter:site\" content=\"@aclukansas\" \/>\n<script type=\"application\/ld+json\" class=\"yoast-schema-graph\">{\"@context\":\"https:\/\/schema.org\",\"@graph\":[{\"@type\":\"WebPage\",\"@id\":\"https:\/\/www.aclukansas.org\/es\/ha-estado-encarcelado-anteriormente-es-probable-que-sea-elegible-para-votar\/\",\"url\":\"https:\/\/www.aclukansas.org\/es\/ha-estado-encarcelado-anteriormente-es-probable-que-sea-elegible-para-votar\/\",\"name\":\"\u00bfHa estado encarcelado anteriormente? \u00a1Es probable que sea elegible para votar! - ACLU of Kansas\",\"isPartOf\":{\"@id\":\"https:\/\/www.aclukansas.org\/#website\"},\"datePublished\":\"2023-11-03T18:15:00+00:00\",\"dateModified\":\"2025-09-22T19:18:10+00:00\",\"inLanguage\":\"es-ES\",\"potentialAction\":[{\"@type\":\"ReadAction\",\"target\":[\"https:\/\/www.aclukansas.org\/es\/ha-estado-encarcelado-anteriormente-es-probable-que-sea-elegible-para-votar\/\"]}]},{\"@type\":\"WebSite\",\"@id\":\"https:\/\/www.aclukansas.org\/#website\",\"url\":\"https:\/\/www.aclukansas.org\/\",\"name\":\"ACLU of Kansas\",\"description\":\"\",\"publisher\":{\"@id\":\"https:\/\/www.aclukansas.org\/#organization\"},\"potentialAction\":[{\"@type\":\"SearchAction\",\"target\":{\"@type\":\"EntryPoint\",\"urlTemplate\":\"https:\/\/www.aclukansas.org\/?s={search_term_string}\"},\"query-input\":{\"@type\":\"PropertyValueSpecification\",\"valueRequired\":true,\"valueName\":\"search_term_string\"}}],\"inLanguage\":\"es-ES\"},{\"@type\":\"Organization\",\"@id\":\"https:\/\/www.aclukansas.org\/#organization\",\"name\":\"ACLU of Kansas\",\"url\":\"https:\/\/www.aclukansas.org\/\",\"logo\":{\"@type\":\"ImageObject\",\"inLanguage\":\"es-ES\",\"@id\":\"https:\/\/www.aclukansas.org\/#\/schema\/logo\/image\/\",\"url\":\"https:\/\/www.aclukansas.org\/app\/uploads\/2025\/09\/ACLU-Kansas__Color-Logo_RGB.png\",\"contentUrl\":\"https:\/\/www.aclukansas.org\/app\/uploads\/2025\/09\/ACLU-Kansas__Color-Logo_RGB.png\",\"width\":1054,\"height\":576,\"caption\":\"ACLU of Kansas\"},\"image\":{\"@id\":\"https:\/\/www.aclukansas.org\/#\/schema\/logo\/image\/\"},\"sameAs\":[\"https:\/\/www.facebook.com\/aclukansas\",\"https:\/\/x.com\/aclukansas\"]}]}<\/script>\n<!-- \/ Yoast SEO plugin. -->","yoast_head_json":{"title":"\u00bfHa estado encarcelado anteriormente? \u00a1Es probable que sea elegible para votar! - ACLU of Kansas","robots":{"index":"index","follow":"follow","max-snippet":"max-snippet:-1","max-image-preview":"max-image-preview:large","max-video-preview":"max-video-preview:-1"},"canonical":"https:\/\/www.aclukansas.org\/es\/ha-estado-encarcelado-anteriormente-es-probable-que-sea-elegible-para-votar\/","og_locale":"es_ES","og_type":"article","og_title":"\u00bfHa estado encarcelado anteriormente? \u00a1Es probable que sea elegible para votar! - ACLU of Kansas","og_url":"https:\/\/www.aclukansas.org\/es\/ha-estado-encarcelado-anteriormente-es-probable-que-sea-elegible-para-votar\/","og_site_name":"ACLU of Kansas","article_publisher":"https:\/\/www.facebook.com\/aclukansas","article_modified_time":"2025-09-22T19:18:10+00:00","og_image":[{"url":"https:\/\/www.aclukansas.org\/app\/themes\/aclu-parent\/img\/default_fb_share.jpg","type":"","width":"","height":""}],"twitter_card":"summary_large_image","twitter_site":"@aclukansas","schema":{"@context":"https:\/\/schema.org","@graph":[{"@type":"WebPage","@id":"https:\/\/www.aclukansas.org\/es\/ha-estado-encarcelado-anteriormente-es-probable-que-sea-elegible-para-votar\/","url":"https:\/\/www.aclukansas.org\/es\/ha-estado-encarcelado-anteriormente-es-probable-que-sea-elegible-para-votar\/","name":"\u00bfHa estado encarcelado anteriormente? \u00a1Es probable que sea elegible para votar! - ACLU of Kansas","isPartOf":{"@id":"https:\/\/www.aclukansas.org\/#website"},"datePublished":"2023-11-03T18:15:00+00:00","dateModified":"2025-09-22T19:18:10+00:00","inLanguage":"es-ES","potentialAction":[{"@type":"ReadAction","target":["https:\/\/www.aclukansas.org\/es\/ha-estado-encarcelado-anteriormente-es-probable-que-sea-elegible-para-votar\/"]}]},{"@type":"WebSite","@id":"https:\/\/www.aclukansas.org\/#website","url":"https:\/\/www.aclukansas.org\/","name":"ACLU of Kansas","description":"","publisher":{"@id":"https:\/\/www.aclukansas.org\/#organization"},"potentialAction":[{"@type":"SearchAction","target":{"@type":"EntryPoint","urlTemplate":"https:\/\/www.aclukansas.org\/?s={search_term_string}"},"query-input":{"@type":"PropertyValueSpecification","valueRequired":true,"valueName":"search_term_string"}}],"inLanguage":"es-ES"},{"@type":"Organization","@id":"https:\/\/www.aclukansas.org\/#organization","name":"ACLU of Kansas","url":"https:\/\/www.aclukansas.org\/","logo":{"@type":"ImageObject","inLanguage":"es-ES","@id":"https:\/\/www.aclukansas.org\/#\/schema\/logo\/image\/","url":"https:\/\/www.aclukansas.org\/app\/uploads\/2025\/09\/ACLU-Kansas__Color-Logo_RGB.png","contentUrl":"https:\/\/www.aclukansas.org\/app\/uploads\/2025\/09\/ACLU-Kansas__Color-Logo_RGB.png","width":1054,"height":576,"caption":"ACLU of Kansas"},"image":{"@id":"https:\/\/www.aclukansas.org\/#\/schema\/logo\/image\/"},"sameAs":["https:\/\/www.facebook.com\/aclukansas","https:\/\/x.com\/aclukansas"]}]}},"distributor_meta":false,"distributor_terms":false,"distributor_media":false,"distributor_original_site_name":"ACLU of Kansas","distributor_original_site_url":"https:\/\/www.aclukansas.org\/es\/","push-errors":false,"_links":{"self":[{"href":"https:\/\/www.aclukansas.org\/es\/wp-json\/wp\/v2\/pages\/8339","targetHints":{"allow":["GET"]}}],"collection":[{"href":"https:\/\/www.aclukansas.org\/es\/wp-json\/wp\/v2\/pages"}],"about":[{"href":"https:\/\/www.aclukansas.org\/es\/wp-json\/wp\/v2\/types\/page"}],"author":[{"embeddable":true,"href":"https:\/\/www.aclukansas.org\/es\/wp-json\/wp\/v2\/users\/8"}],"replies":[{"embeddable":true,"href":"https:\/\/www.aclukansas.org\/es\/wp-json\/wp\/v2\/comments?post=8339"}],"version-history":[{"count":1,"href":"https:\/\/www.aclukansas.org\/es\/wp-json\/wp\/v2\/pages\/8339\/revisions"}],"predecessor-version":[{"id":8340,"href":"https:\/\/www.aclukansas.org\/es\/wp-json\/wp\/v2\/pages\/8339\/revisions\/8340"}],"acf:post":[{"embeddable":true,"href":"https:\/\/www.aclukansas.org\/es\/wp-json\/wp\/v2\/press_release\/5995"},{"embeddable":true,"href":"https:\/\/www.aclukansas.org\/es\/wp-json\/wp\/v2\/campaign\/3590"},{"embeddable":true,"href":"https:\/\/www.aclukansas.org\/es\/wp-json\/wp\/v2\/posts\/7273"},{"embeddable":true,"href":"https:\/\/www.aclukansas.org\/es\/wp-json\/wp\/v2\/publication\/3254"},{"embeddable":true,"href":"https:\/\/www.aclukansas.org\/es\/wp-json\/wp\/v2\/press_release\/5958"},{"embeddable":true,"href":"https:\/\/www.aclukansas.org\/es\/wp-json\/wp\/v2\/press_release\/5970"},{"embeddable":true,"href":"https:\/\/www.aclukansas.org\/es\/wp-json\/wp\/v2\/publication\/3406"},{"embeddable":true,"href":"https:\/\/www.aclukansas.org\/es\/wp-json\/wp\/v2\/issue\/4777"},{"embeddable":true,"href":"https:\/\/www.aclukansas.org\/es\/wp-json\/wp\/v2\/issue\/4778"}],"wp:attachment":[{"href":"https:\/\/www.aclukansas.org\/es\/wp-json\/wp\/v2\/media?parent=8339"}],"curies":[{"name":"wp","href":"https:\/\/api.w.org\/{rel}","templated":true}]}}