{"id":11254,"date":"2016-06-23T16:15:00","date_gmt":"2016-06-23T20:15:00","guid":{"rendered":"https:\/\/www.aclukansas.org\/contact-us\/"},"modified":"2026-04-14T23:09:10","modified_gmt":"2026-04-15T03:09:10","slug":"contactanos","status":"publish","type":"page","link":"https:\/\/www.aclukansas.org\/es\/contactanos\/","title":{"rendered":"Cont\u00e1ctanos"},"content":{"rendered":"<p><strong>Mailing Address<\/strong><br \/>PO Box 13048<br \/>Overland Park, KS 66282<br \/>913-490-4100<br \/>(please send all donations and legal inquires to the P.O. box)<\/p>\n<p><strong>General Inquiries<\/strong><br \/><span>Email info@aclukansas.org<\/span><\/p>\n<p><strong>Get Involved<\/strong><br \/><a href=\"https:\/\/www.aclukansas.org\/take-action\/\">Click here to find ways to Take Action.<\/a><\/p>\n<p><strong>Legal Complaints<\/strong><br \/><a href=\"https:\/\/www.aclukansas.org\/es\/solicita-asistencia\/\">Click here to Request Assistance.<\/a><\/p>\n<p><strong>Donation Inquiries<\/strong><br \/>Email giving@aclukansas.org&nbsp;<\/p>\n<p><strong>Media and Press Inquiries<\/strong><br \/><span>Contact Esmie Tseng, Communications Director at&nbsp;etseng@aclukansas.org.<\/span><\/p>\n<p><strong>Request an ACLU Speaker<\/strong><br \/>If you are interested in having an ACLU speaker at your event, please contact <span>Esmie Tseng, Communications Director at&nbsp;etseng@aclukansas.org.<\/span><\/p>\n<p><strong>Social Media Policy<\/strong><br \/>The ACLU of Kansas welcomes vigorous debate and differing views in its social media accounts, including posts that disagree with our own views. However, as a non-governmental, private organization, we reserve the right to hide or delete posts, as well as to temporarily or permanently block users that engage in or contain the following:<\/p>\n<ul>\n<li>Threatening or suggesting violence or harm, directly or indirectly, to another person. In addition, we may report threats to appropriate authorities.<\/li>\n<li>Harassing or demeaning other people or groups of people, including but not limited to on the basis of race, nationality, ethnicity, religion, gender, gender identity, sexual orientation, or disability.<\/li>\n<li>Obscenity<\/li>\n<li>Spam and\/or large volumes of repetitive content<\/li>\n<li>Advertisements, promotions, or solicitations of a commercial product or service<\/li>\n<li>Confidential, personally identifying, or private information<\/li>\n<\/ul>\n<p>We will also block accounts that we have reason to believe are bots or are malicious.<\/p>\n<p>If you are requesting legal assistance, do not post those requests in our social media accounts. We will not respond to them in that way. Instead, please see <a href=\"https:\/\/www.aclukansas.org\/es\/solicita-asistencia\/\">our information on legal requests<\/a>, which allows us to assure your confidentiality. We reserve the right to remove or hide requests for legal assistance.<\/p>\n<p>Questions about the ACLU of Kansas social media policy can be sent to <span>info@aclukansas.org.<\/span><\/p>\n","protected":false},"excerpt":{"rendered":"<p>Mailing AddressPO Box 13048Overland Park, KS 66282913-490-4100(please send all donations and legal inquires to the P.O. box) General InquiriesEmail info@aclukansas.org Get InvolvedClick here to find ways to Take Action. Legal ComplaintsClick here to Request Assistance. Donation InquiriesEmail giving@aclukansas.org&nbsp; Media and Press InquiriesContact Esmie Tseng, Communications Director at&nbsp;etseng@aclukansas.org. Request an ACLU SpeakerIf you are interested in [&hellip;]<\/p>\n","protected":false},"author":9,"featured_media":0,"parent":0,"menu_order":0,"comment_status":"closed","ping_status":"closed","template":"","meta":{"_acf_changed":false,"_relevanssi_hide_post":"","_relevanssi_hide_content":"","_relevanssi_pin_for_all":"","_relevanssi_pin_keywords":"","_relevanssi_unpin_keywords":"","_relevanssi_related_keywords":"","_relevanssi_related_include_ids":"","_relevanssi_related_exclude_ids":"","_relevanssi_related_no_append":"","_relevanssi_related_not_related":"","_relevanssi_related_posts":"","_relevanssi_noindex_reason":"","footnotes":""},"class_list":["post-11254","page","type-page","status-publish","hentry"],"acf":{"layout":"default","header-group":{"header-description":"","show-subnav":false,"hide-from-subnav":false},"components":[{"acf_fc_layout":"text","text":{"text":"<strong><em>Direcci\u00f3n Postal<\/em><\/strong><em>\r\nPO Box 13048\r\nOverland Park, KS 66282\r\n913-490-4100\r\n(Favor de enviar todos los donativos y preguntas legales a la direcci\u00f3n del apartado postal o P.O. box)<\/em>"}},{"acf_fc_layout":"text","text":{"text":"<strong><em>Preguntas Generales<\/em><\/strong><em>\r\nEnv\u00eda un correo a info@aclukansas.org<\/em>"}},{"acf_fc_layout":"text","text":{"text":"<strong><em>Invol\u00facrate<\/em><\/strong><em>\r\n<\/em><a href=\"https:\/\/www.aclukansas.org\/take-action\/\"><em>Haz clic aqu\u00ed para descubrir c\u00f3mo puedes Tomar Acci\u00f3n.<\/em><\/a>"}},{"acf_fc_layout":"text","text":{"text":"<strong><em>Quejas Legales<\/em><\/strong><em>\r\n<\/em><a href=\"https:\/\/www.aclukansas.org\/get-help\/\"><em>Haz clic aqu\u00ed para Solicitar Asistencia.<\/em><\/a>"}},{"acf_fc_layout":"text","text":{"text":"<strong><em>Consultas Sobre Donaciones<\/em><\/strong><em>\r\nEnv\u00eda un correo a giving@aclukansas.org<\/em>"}},{"acf_fc_layout":"text","text":{"text":"<strong><em>Medios de Comunicaci\u00f3n y Prensa <\/em><\/strong><em>\r\nFavor de contactar a Esmie Tseng, Directora de Comunicaciones en etseng@aclukansas.org.<\/em>"}},{"acf_fc_layout":"text","text":{"text":"<strong><em>Solicita Un Orador de la ACLU <\/em><\/strong><em>\r\nSi tienes inter\u00e9s en invitar a un orador o ponente de la  ACLU en tu evento, por favor, contacta a Esmie Tseng, Directora de Comunicaciones, en etseng@aclukansas.org.<\/em>"}},{"acf_fc_layout":"text","text":{"text":"<strong><em>Pol\u00edtica de Redes Sociales <\/em><\/strong><em>\r\nLa ACLU de Kansas est\u00e1 abierta a debates vigorosos y opiniones diversas en sus redes sociales, incluidas las publicaciones que discrepan de nuestros propios puntos de vista. Sin embargo, como organizaci\u00f3n privada no gubernamental, nos reservamos el derecho a ocultar o eliminar publicaciones, as\u00ed como a bloquear de forma temporal o permanente a los usuarios que participen en lo siguiente o incluyan lo siguiente:<\/em>\r\n<ul>\r\n \t<li><em> Amenazar o insinuar, directa o indirectamente, que se va a infligir violencia o da\u00f1o a otra persona. Adem\u00e1s, podemos denunciar las amenazas ante las autoridades competentes.<\/em><\/li>\r\n \t<li><em>Acosar o menospreciar a otras personas o grupos de personas, entre otros motivos, por razones de raza, nacionalidad, origen \u00e9tnico, religi\u00f3n, g\u00e9nero, identidad de g\u00e9nero, orientaci\u00f3n sexual o discapacidad.<\/em><\/li>\r\n \t<li><em>Obscenidades<\/em><\/li>\r\n \t<li><em>Spam y\/o vol\u00famenes considerables de contenido repetido <\/em><\/li>\r\n \t<li><em>Publicidad, promociones, o venta de productos o servicios comerciales<\/em><\/li>\r\n<\/ul>\r\n<ul>\r\n \t<li><em>Informaci\u00f3n confidencial, de car\u00e1cter personal o privada<\/em><\/li>\r\n<\/ul>\r\n<em>Tambi\u00e9n bloquearemos cuentas que, a nuestro juicio, puedan ser bots o tener fines maliciosos. <\/em>\r\n\r\n<em>Si est\u00e1s solicitando asistencia legal, por favor no publiques esas solicitudes en nuestras cuentas de redes sociales. No responderemos a ellas por ese medio. En su lugar, consulta <\/em><a href=\"https:\/\/www.aclukansas.org\/get-help\/\"><em>nuestra informaci\u00f3n sobre solicitudes legales<\/em><\/a><em>, lo que nos permite garantizar tu confidencialidad. Nos reservamos el derecho a eliminar u ocultar las solicitudes de asistencia legal. <\/em>\r\n\r\n<em>Las preguntas sobre la pol\u00edtica de redes sociales de la ACLU de Kansas pueden enviarse a <\/em><a href=\"mailto:info@aclukansas.org\"><em>info@aclukansas.org<\/em><\/a><em>.<\/em>"}}],"section":null,"issues":"","related_content":"","documents":null},"yoast_head":"<!-- This site is optimized with the Yoast SEO plugin v24.9 - https:\/\/yoast.com\/wordpress\/plugins\/seo\/ -->\n<title>Cont\u00e1ctanos - ACLU of Kansas<\/title>\n<meta name=\"robots\" content=\"index, follow, max-snippet:-1, max-image-preview:large, max-video-preview:-1\" \/>\n<link rel=\"canonical\" href=\"https:\/\/www.aclukansas.org\/es\/contactanos\/\" \/>\n<meta property=\"og:locale\" content=\"es_ES\" \/>\n<meta property=\"og:type\" content=\"article\" \/>\n<meta property=\"og:title\" content=\"Cont\u00e1ctanos - ACLU of Kansas\" \/>\n<meta property=\"og:description\" content=\"Mailing AddressPO Box 13048Overland Park, KS 66282913-490-4100(please send all donations and legal inquires to the P.O. box) General InquiriesEmail info@aclukansas.org Get InvolvedClick here to find ways to Take Action. Legal ComplaintsClick here to Request Assistance. Donation InquiriesEmail giving@aclukansas.org&nbsp; Media and Press InquiriesContact Esmie Tseng, Communications Director at&nbsp;etseng@aclukansas.org. Request an ACLU SpeakerIf you are interested in [&hellip;]\" \/>\n<meta property=\"og:url\" content=\"https:\/\/www.aclukansas.org\/es\/contactanos\/\" \/>\n<meta property=\"og:site_name\" content=\"ACLU of Kansas\" \/>\n<meta property=\"article:publisher\" content=\"https:\/\/www.facebook.com\/aclukansas\" \/>\n<meta property=\"article:modified_time\" content=\"2026-04-15T03:09:10+00:00\" \/>\n<meta property=\"og:image\" content=\"https:\/\/www.aclukansas.org\/app\/themes\/aclu-parent\/img\/default_fb_share.jpg\" \/>\n<meta name=\"twitter:card\" content=\"summary_large_image\" \/>\n<meta name=\"twitter:site\" content=\"@aclukansas\" \/>\n<script type=\"application\/ld+json\" class=\"yoast-schema-graph\">{\"@context\":\"https:\/\/schema.org\",\"@graph\":[{\"@type\":\"WebPage\",\"@id\":\"https:\/\/www.aclukansas.org\/es\/contactanos\/\",\"url\":\"https:\/\/www.aclukansas.org\/es\/contactanos\/\",\"name\":\"Cont\u00e1ctanos - ACLU of Kansas\",\"isPartOf\":{\"@id\":\"https:\/\/www.aclukansas.org\/#website\"},\"datePublished\":\"2016-06-23T20:15:00+00:00\",\"dateModified\":\"2026-04-15T03:09:10+00:00\",\"inLanguage\":\"es-ES\",\"potentialAction\":[{\"@type\":\"ReadAction\",\"target\":[\"https:\/\/www.aclukansas.org\/es\/contactanos\/\"]}]},{\"@type\":\"WebSite\",\"@id\":\"https:\/\/www.aclukansas.org\/#website\",\"url\":\"https:\/\/www.aclukansas.org\/\",\"name\":\"ACLU of Kansas\",\"description\":\"\",\"publisher\":{\"@id\":\"https:\/\/www.aclukansas.org\/#organization\"},\"potentialAction\":[{\"@type\":\"SearchAction\",\"target\":{\"@type\":\"EntryPoint\",\"urlTemplate\":\"https:\/\/www.aclukansas.org\/?s={search_term_string}\"},\"query-input\":{\"@type\":\"PropertyValueSpecification\",\"valueRequired\":true,\"valueName\":\"search_term_string\"}}],\"inLanguage\":\"es-ES\"},{\"@type\":\"Organization\",\"@id\":\"https:\/\/www.aclukansas.org\/#organization\",\"name\":\"ACLU of Kansas\",\"url\":\"https:\/\/www.aclukansas.org\/\",\"logo\":{\"@type\":\"ImageObject\",\"inLanguage\":\"es-ES\",\"@id\":\"https:\/\/www.aclukansas.org\/#\/schema\/logo\/image\/\",\"url\":\"https:\/\/www.aclukansas.org\/app\/uploads\/2025\/09\/ACLU-Kansas__Color-Logo_RGB.png\",\"contentUrl\":\"https:\/\/www.aclukansas.org\/app\/uploads\/2025\/09\/ACLU-Kansas__Color-Logo_RGB.png\",\"width\":1054,\"height\":576,\"caption\":\"ACLU of Kansas\"},\"image\":{\"@id\":\"https:\/\/www.aclukansas.org\/#\/schema\/logo\/image\/\"},\"sameAs\":[\"https:\/\/www.facebook.com\/aclukansas\",\"https:\/\/x.com\/aclukansas\"]}]}<\/script>\n<!-- \/ Yoast SEO plugin. -->","yoast_head_json":{"title":"Cont\u00e1ctanos - ACLU of Kansas","robots":{"index":"index","follow":"follow","max-snippet":"max-snippet:-1","max-image-preview":"max-image-preview:large","max-video-preview":"max-video-preview:-1"},"canonical":"https:\/\/www.aclukansas.org\/es\/contactanos\/","og_locale":"es_ES","og_type":"article","og_title":"Cont\u00e1ctanos - ACLU of Kansas","og_description":"Mailing AddressPO Box 13048Overland Park, KS 66282913-490-4100(please send all donations and legal inquires to the P.O. box) General InquiriesEmail info@aclukansas.org Get InvolvedClick here to find ways to Take Action. Legal ComplaintsClick here to Request Assistance. Donation InquiriesEmail giving@aclukansas.org&nbsp; Media and Press InquiriesContact Esmie Tseng, Communications Director at&nbsp;etseng@aclukansas.org. Request an ACLU SpeakerIf you are interested in [&hellip;]","og_url":"https:\/\/www.aclukansas.org\/es\/contactanos\/","og_site_name":"ACLU of Kansas","article_publisher":"https:\/\/www.facebook.com\/aclukansas","article_modified_time":"2026-04-15T03:09:10+00:00","og_image":[{"url":"https:\/\/www.aclukansas.org\/app\/themes\/aclu-parent\/img\/default_fb_share.jpg","type":"","width":"","height":""}],"twitter_card":"summary_large_image","twitter_site":"@aclukansas","schema":{"@context":"https:\/\/schema.org","@graph":[{"@type":"WebPage","@id":"https:\/\/www.aclukansas.org\/es\/contactanos\/","url":"https:\/\/www.aclukansas.org\/es\/contactanos\/","name":"Cont\u00e1ctanos - ACLU of Kansas","isPartOf":{"@id":"https:\/\/www.aclukansas.org\/#website"},"datePublished":"2016-06-23T20:15:00+00:00","dateModified":"2026-04-15T03:09:10+00:00","inLanguage":"es-ES","potentialAction":[{"@type":"ReadAction","target":["https:\/\/www.aclukansas.org\/es\/contactanos\/"]}]},{"@type":"WebSite","@id":"https:\/\/www.aclukansas.org\/#website","url":"https:\/\/www.aclukansas.org\/","name":"ACLU of Kansas","description":"","publisher":{"@id":"https:\/\/www.aclukansas.org\/#organization"},"potentialAction":[{"@type":"SearchAction","target":{"@type":"EntryPoint","urlTemplate":"https:\/\/www.aclukansas.org\/?s={search_term_string}"},"query-input":{"@type":"PropertyValueSpecification","valueRequired":true,"valueName":"search_term_string"}}],"inLanguage":"es-ES"},{"@type":"Organization","@id":"https:\/\/www.aclukansas.org\/#organization","name":"ACLU of Kansas","url":"https:\/\/www.aclukansas.org\/","logo":{"@type":"ImageObject","inLanguage":"es-ES","@id":"https:\/\/www.aclukansas.org\/#\/schema\/logo\/image\/","url":"https:\/\/www.aclukansas.org\/app\/uploads\/2025\/09\/ACLU-Kansas__Color-Logo_RGB.png","contentUrl":"https:\/\/www.aclukansas.org\/app\/uploads\/2025\/09\/ACLU-Kansas__Color-Logo_RGB.png","width":1054,"height":576,"caption":"ACLU of Kansas"},"image":{"@id":"https:\/\/www.aclukansas.org\/#\/schema\/logo\/image\/"},"sameAs":["https:\/\/www.facebook.com\/aclukansas","https:\/\/x.com\/aclukansas"]}]}},"distributor_meta":false,"distributor_terms":false,"distributor_media":false,"distributor_original_site_name":"ACLU of Kansas","distributor_original_site_url":"https:\/\/www.aclukansas.org\/es\/","push-errors":false,"_links":{"self":[{"href":"https:\/\/www.aclukansas.org\/es\/wp-json\/wp\/v2\/pages\/11254","targetHints":{"allow":["GET"]}}],"collection":[{"href":"https:\/\/www.aclukansas.org\/es\/wp-json\/wp\/v2\/pages"}],"about":[{"href":"https:\/\/www.aclukansas.org\/es\/wp-json\/wp\/v2\/types\/page"}],"author":[{"embeddable":true,"href":"https:\/\/www.aclukansas.org\/es\/wp-json\/wp\/v2\/users\/9"}],"replies":[{"embeddable":true,"href":"https:\/\/www.aclukansas.org\/es\/wp-json\/wp\/v2\/comments?post=11254"}],"version-history":[{"count":3,"href":"https:\/\/www.aclukansas.org\/es\/wp-json\/wp\/v2\/pages\/11254\/revisions"}],"predecessor-version":[{"id":11257,"href":"https:\/\/www.aclukansas.org\/es\/wp-json\/wp\/v2\/pages\/11254\/revisions\/11257"}],"wp:attachment":[{"href":"https:\/\/www.aclukansas.org\/es\/wp-json\/wp\/v2\/media?parent=11254"}],"curies":[{"name":"wp","href":"https:\/\/api.w.org\/{rel}","templated":true}]}}