{"id":11250,"date":"2015-12-11T00:00:00","date_gmt":"2015-12-11T05:00:00","guid":{"rendered":"https:\/\/www.aclukansas.org\/about-us\/"},"modified":"2026-04-14T22:46:10","modified_gmt":"2026-04-15T02:46:10","slug":"sobre-nosotros","status":"publish","type":"page","link":"https:\/\/www.aclukansas.org\/es\/sobre-nosotros\/","title":{"rendered":"Sobre Nosotros"},"content":{"rendered":"<div>The American Civil Liberties Union of Kansas is a non-profit organization dedicated to protecting the civil rights and liberties of all people living in Kansas. We work in the state legislature, the courts, and local communities to ensure that those who threaten the civil liberties of Kansans are met with stark resistance. We work for policy change to expand and strengthen civil liberties, provide legal counsel, and act as an ally and an advocate for people who are denied the rights guaranteed to them by the U.S. Constitution and Bill of Rights.<\/div>\n<div>&nbsp;<\/div>\n<div>It is our mission to protect and defend the constitutional rights and civil liberties of every individual in Kansas regardless of creed, race, religion, gender identification, or class. Our efforts are focused on serving and defending reproductive rights, racial justice, LGBTQ+ rights, First Amendment rights, immigrant rights, voting rights, criminal justice reform, and privacy rights.<\/div>\n<div>&nbsp;<\/div>\n<div>\n<p>The ACLU of Kansas protects the civil rights of segments of our population that have traditionally been marginalized, including women, people of color, lesbians, gay men, bisexuals, transgender and queer, people, currently and formerly incarcerated people, people with disabilities, immigrants, and the poor. We defend the freedoms of all residents of Kansas without consideration of political partisanship.<\/p>\n<div><a href=\"https:\/\/www.guidestar.org\/profile\/43-0926406\" target=\"_blank\"><img decoding=\"async\" src=\"https:\/\/widgets.guidestar.org\/gximage2?o=7649410&amp;l=v4\"><\/a><\/div>\n<p>&nbsp;<\/p>\n<\/div>\n<div>\n<hr>\n<p>We acknowledge that the ACLU of Kansas exists in the occupied territory of the Arapaho tribe, the Cheyenne tribe, the Comanche tribe, the Jiwere tribe, the Kaw\/Kansa tribe, the Kickapoo tribe, the Kiowa tribe, the Ochethi Sakowin tribe, the Ogaxpa tribe, the Osage tribe, the Pawnee tribe, the Peoria tribe, the Sauk and Meskwwaki tribes, and the Wichita tribes. We recognize he painful history upon which the state of Kansas and the United States were created, and how policies, systems, and structures continue to oppress and erase indigenous peoples today.<\/p>\n<p>For more information on native land occupation, click <a href=\"https:\/\/native-land.ca\/\">here <\/a>or visit native-land.ca.<\/p>\n<\/div>\n","protected":false},"excerpt":{"rendered":"<p>The American Civil Liberties Union of Kansas is a non-profit organization dedicated to protecting the civil rights and liberties of all people living in Kansas. We work in the state legislature, the courts, and local communities to ensure that those who threaten the civil liberties of Kansans are met with stark resistance. We work for [&hellip;]<\/p>\n","protected":false},"author":9,"featured_media":0,"parent":0,"menu_order":0,"comment_status":"closed","ping_status":"closed","template":"","meta":{"_acf_changed":false,"_relevanssi_hide_post":"","_relevanssi_hide_content":"","_relevanssi_pin_for_all":"","_relevanssi_pin_keywords":"","_relevanssi_unpin_keywords":"","_relevanssi_related_keywords":"","_relevanssi_related_include_ids":"","_relevanssi_related_exclude_ids":"","_relevanssi_related_no_append":"","_relevanssi_related_not_related":"","_relevanssi_related_posts":"","_relevanssi_noindex_reason":"","footnotes":""},"class_list":["post-11250","page","type-page","status-publish","hentry"],"acf":{"layout":"default","header-group":{"header-description":"","show-subnav":false,"hide-from-subnav":false},"components":[{"acf_fc_layout":"text","text":{"text":"<em>La American Civil Liberties Union de Kansas es una organizaci\u00f3n sin fines de lucro dedicada a proteger los derechos y libertades civiles de todas las personas que viven en Kansas. Trabajamos en la legislatura estatal, los tribunales y las comunidades locales para garantizar que quienes amenacen las libertades civiles de los habitantes de Kansas se enfrenten a una firme resistencia. Trabajamos por un cambio de pol\u00edticas para ampliar y fortalecer las libertades civiles, ofrecemos asesoramiento jur\u00eddico y actuamos como aliados y defensores de las personas a quienes se les niegan los derechos que les garantizan la Constituci\u00f3n de los Estados Unidos y la Declaraci\u00f3n de Derechos.<\/em>"}},{"acf_fc_layout":"text","text":{"text":"<em>Nuestra misi\u00f3n es proteger y defender los derechos constitucionales y las libertades civiles de todas las personas de Kansas, independientemente de su credo, raza, religi\u00f3n, identidad de g\u00e9nero o clase social. Nuestros esfuerzos se centran en promover y defender los derechos reproductivos, la justicia racial, los derechos de la comunidad LGBTQ+, los derechos amparados por la Primera Enmienda, los derechos de los inmigrantes, el derecho al voto, la reforma de la justicia penal y el derecho a la privacidad.<\/em>"}},{"acf_fc_layout":"text","text":{"text":"<em>La ACLU de Kansas protege los derechos civiles de los sectores de nuestra poblaci\u00f3n que tradicionalmente han sido marginados, entre ellos las mujeres, las personas de color, las mujeres lesbianas, los hombres gay, las personas bisexuales, las personas transg\u00e9nero y queer, las personas que est\u00e1n o han estado en prisi\u00f3n, las personas con discapacidad, los inmigrantes y las personas sin recursos. Defendemos las libertades de todos los residentes de Kansas, independientemente de su afiliaci\u00f3n pol\u00edtica.<\/em>"}},{"acf_fc_layout":"divider","divider":{"divider_type":"hr"}},{"acf_fc_layout":"text","text":{"text":"<em>Reconocemos que la ACLU de Kansas se encuentra en el territorio ocupado de las tribus Arapaho, Cheyenne, Comanche, Jiwere, Kaw\/Kansa, Kickapoo, Kiowa, Ochethi Sakowin, Ogaxpa, la tribu Osage, la tribu Pawnee, la tribu Peoria, las tribus Sauk y Meskwwaki, y las tribus Wichita. Reconocemos la dolorosa historia sobre la que se crearon el estado de Kansas y los Estados Unidos, y c\u00f3mo las pol\u00edticas, los sistemas y las estructuras siguen oprimiendo y borrando a los pueblos ind\u00edgenas en la actualidad.<\/em>"}},{"acf_fc_layout":"text","text":{"text":"<em>Para obtener m\u00e1s informaci\u00f3n sobre la ocupaci\u00f3n de tierras nativas, haz <a href=\"https:\/\/native-land.ca\/\">clic aqu\u00ed<\/a> o visita native-land.ca.<\/em>"}}],"section":null,"issues":"","related_content":"","documents":null},"yoast_head":"<!-- This site is optimized with the Yoast SEO plugin v24.9 - https:\/\/yoast.com\/wordpress\/plugins\/seo\/ -->\n<title>Sobre Nosotros - ACLU of Kansas<\/title>\n<meta name=\"robots\" content=\"index, follow, max-snippet:-1, max-image-preview:large, max-video-preview:-1\" \/>\n<link rel=\"canonical\" href=\"https:\/\/www.aclukansas.org\/es\/sobre-nosotros\/\" \/>\n<meta property=\"og:locale\" content=\"es_ES\" \/>\n<meta property=\"og:type\" content=\"article\" \/>\n<meta property=\"og:title\" content=\"Sobre Nosotros - ACLU of Kansas\" \/>\n<meta property=\"og:description\" content=\"The American Civil Liberties Union of Kansas is a non-profit organization dedicated to protecting the civil rights and liberties of all people living in Kansas. We work in the state legislature, the courts, and local communities to ensure that those who threaten the civil liberties of Kansans are met with stark resistance. We work for [&hellip;]\" \/>\n<meta property=\"og:url\" content=\"https:\/\/www.aclukansas.org\/es\/sobre-nosotros\/\" \/>\n<meta property=\"og:site_name\" content=\"ACLU of Kansas\" \/>\n<meta property=\"article:publisher\" content=\"https:\/\/www.facebook.com\/aclukansas\" \/>\n<meta property=\"article:modified_time\" content=\"2026-04-15T02:46:10+00:00\" \/>\n<meta property=\"og:image\" content=\"https:\/\/widgets.guidestar.org\/gximage2?o=7649410&amp;l=v4\" \/>\n<meta name=\"twitter:card\" content=\"summary_large_image\" \/>\n<meta name=\"twitter:site\" content=\"@aclukansas\" \/>\n<script type=\"application\/ld+json\" class=\"yoast-schema-graph\">{\"@context\":\"https:\/\/schema.org\",\"@graph\":[{\"@type\":\"WebPage\",\"@id\":\"https:\/\/www.aclukansas.org\/es\/sobre-nosotros\/\",\"url\":\"https:\/\/www.aclukansas.org\/es\/sobre-nosotros\/\",\"name\":\"Sobre Nosotros - ACLU of Kansas\",\"isPartOf\":{\"@id\":\"https:\/\/www.aclukansas.org\/#website\"},\"primaryImageOfPage\":{\"@id\":\"https:\/\/www.aclukansas.org\/es\/sobre-nosotros\/#primaryimage\"},\"image\":{\"@id\":\"https:\/\/www.aclukansas.org\/es\/sobre-nosotros\/#primaryimage\"},\"thumbnailUrl\":\"https:\/\/widgets.guidestar.org\/gximage2?o=7649410&amp;l=v4\",\"datePublished\":\"2015-12-11T05:00:00+00:00\",\"dateModified\":\"2026-04-15T02:46:10+00:00\",\"inLanguage\":\"es-ES\",\"potentialAction\":[{\"@type\":\"ReadAction\",\"target\":[\"https:\/\/www.aclukansas.org\/es\/sobre-nosotros\/\"]}]},{\"@type\":\"ImageObject\",\"inLanguage\":\"es-ES\",\"@id\":\"https:\/\/www.aclukansas.org\/es\/sobre-nosotros\/#primaryimage\",\"url\":\"https:\/\/widgets.guidestar.org\/gximage2?o=7649410&amp;l=v4\",\"contentUrl\":\"https:\/\/widgets.guidestar.org\/gximage2?o=7649410&amp;l=v4\"},{\"@type\":\"WebSite\",\"@id\":\"https:\/\/www.aclukansas.org\/#website\",\"url\":\"https:\/\/www.aclukansas.org\/\",\"name\":\"ACLU of Kansas\",\"description\":\"\",\"publisher\":{\"@id\":\"https:\/\/www.aclukansas.org\/#organization\"},\"potentialAction\":[{\"@type\":\"SearchAction\",\"target\":{\"@type\":\"EntryPoint\",\"urlTemplate\":\"https:\/\/www.aclukansas.org\/?s={search_term_string}\"},\"query-input\":{\"@type\":\"PropertyValueSpecification\",\"valueRequired\":true,\"valueName\":\"search_term_string\"}}],\"inLanguage\":\"es-ES\"},{\"@type\":\"Organization\",\"@id\":\"https:\/\/www.aclukansas.org\/#organization\",\"name\":\"ACLU of Kansas\",\"url\":\"https:\/\/www.aclukansas.org\/\",\"logo\":{\"@type\":\"ImageObject\",\"inLanguage\":\"es-ES\",\"@id\":\"https:\/\/www.aclukansas.org\/#\/schema\/logo\/image\/\",\"url\":\"https:\/\/www.aclukansas.org\/app\/uploads\/2025\/09\/ACLU-Kansas__Color-Logo_RGB.png\",\"contentUrl\":\"https:\/\/www.aclukansas.org\/app\/uploads\/2025\/09\/ACLU-Kansas__Color-Logo_RGB.png\",\"width\":1054,\"height\":576,\"caption\":\"ACLU of Kansas\"},\"image\":{\"@id\":\"https:\/\/www.aclukansas.org\/#\/schema\/logo\/image\/\"},\"sameAs\":[\"https:\/\/www.facebook.com\/aclukansas\",\"https:\/\/x.com\/aclukansas\"]}]}<\/script>\n<!-- \/ Yoast SEO plugin. -->","yoast_head_json":{"title":"Sobre Nosotros - ACLU of Kansas","robots":{"index":"index","follow":"follow","max-snippet":"max-snippet:-1","max-image-preview":"max-image-preview:large","max-video-preview":"max-video-preview:-1"},"canonical":"https:\/\/www.aclukansas.org\/es\/sobre-nosotros\/","og_locale":"es_ES","og_type":"article","og_title":"Sobre Nosotros - ACLU of Kansas","og_description":"The American Civil Liberties Union of Kansas is a non-profit organization dedicated to protecting the civil rights and liberties of all people living in Kansas. We work in the state legislature, the courts, and local communities to ensure that those who threaten the civil liberties of Kansans are met with stark resistance. We work for [&hellip;]","og_url":"https:\/\/www.aclukansas.org\/es\/sobre-nosotros\/","og_site_name":"ACLU of Kansas","article_publisher":"https:\/\/www.facebook.com\/aclukansas","article_modified_time":"2026-04-15T02:46:10+00:00","og_image":[{"url":"https:\/\/widgets.guidestar.org\/gximage2?o=7649410&amp;l=v4","type":"","width":"","height":""}],"twitter_card":"summary_large_image","twitter_site":"@aclukansas","schema":{"@context":"https:\/\/schema.org","@graph":[{"@type":"WebPage","@id":"https:\/\/www.aclukansas.org\/es\/sobre-nosotros\/","url":"https:\/\/www.aclukansas.org\/es\/sobre-nosotros\/","name":"Sobre Nosotros - ACLU of Kansas","isPartOf":{"@id":"https:\/\/www.aclukansas.org\/#website"},"primaryImageOfPage":{"@id":"https:\/\/www.aclukansas.org\/es\/sobre-nosotros\/#primaryimage"},"image":{"@id":"https:\/\/www.aclukansas.org\/es\/sobre-nosotros\/#primaryimage"},"thumbnailUrl":"https:\/\/widgets.guidestar.org\/gximage2?o=7649410&amp;l=v4","datePublished":"2015-12-11T05:00:00+00:00","dateModified":"2026-04-15T02:46:10+00:00","inLanguage":"es-ES","potentialAction":[{"@type":"ReadAction","target":["https:\/\/www.aclukansas.org\/es\/sobre-nosotros\/"]}]},{"@type":"ImageObject","inLanguage":"es-ES","@id":"https:\/\/www.aclukansas.org\/es\/sobre-nosotros\/#primaryimage","url":"https:\/\/widgets.guidestar.org\/gximage2?o=7649410&amp;l=v4","contentUrl":"https:\/\/widgets.guidestar.org\/gximage2?o=7649410&amp;l=v4"},{"@type":"WebSite","@id":"https:\/\/www.aclukansas.org\/#website","url":"https:\/\/www.aclukansas.org\/","name":"ACLU of Kansas","description":"","publisher":{"@id":"https:\/\/www.aclukansas.org\/#organization"},"potentialAction":[{"@type":"SearchAction","target":{"@type":"EntryPoint","urlTemplate":"https:\/\/www.aclukansas.org\/?s={search_term_string}"},"query-input":{"@type":"PropertyValueSpecification","valueRequired":true,"valueName":"search_term_string"}}],"inLanguage":"es-ES"},{"@type":"Organization","@id":"https:\/\/www.aclukansas.org\/#organization","name":"ACLU of Kansas","url":"https:\/\/www.aclukansas.org\/","logo":{"@type":"ImageObject","inLanguage":"es-ES","@id":"https:\/\/www.aclukansas.org\/#\/schema\/logo\/image\/","url":"https:\/\/www.aclukansas.org\/app\/uploads\/2025\/09\/ACLU-Kansas__Color-Logo_RGB.png","contentUrl":"https:\/\/www.aclukansas.org\/app\/uploads\/2025\/09\/ACLU-Kansas__Color-Logo_RGB.png","width":1054,"height":576,"caption":"ACLU of Kansas"},"image":{"@id":"https:\/\/www.aclukansas.org\/#\/schema\/logo\/image\/"},"sameAs":["https:\/\/www.facebook.com\/aclukansas","https:\/\/x.com\/aclukansas"]}]}},"distributor_meta":false,"distributor_terms":false,"distributor_media":false,"distributor_original_site_name":"ACLU of Kansas","distributor_original_site_url":"https:\/\/www.aclukansas.org\/es\/","push-errors":false,"_links":{"self":[{"href":"https:\/\/www.aclukansas.org\/es\/wp-json\/wp\/v2\/pages\/11250","targetHints":{"allow":["GET"]}}],"collection":[{"href":"https:\/\/www.aclukansas.org\/es\/wp-json\/wp\/v2\/pages"}],"about":[{"href":"https:\/\/www.aclukansas.org\/es\/wp-json\/wp\/v2\/types\/page"}],"author":[{"embeddable":true,"href":"https:\/\/www.aclukansas.org\/es\/wp-json\/wp\/v2\/users\/9"}],"replies":[{"embeddable":true,"href":"https:\/\/www.aclukansas.org\/es\/wp-json\/wp\/v2\/comments?post=11250"}],"version-history":[{"count":3,"href":"https:\/\/www.aclukansas.org\/es\/wp-json\/wp\/v2\/pages\/11250\/revisions"}],"predecessor-version":[{"id":11253,"href":"https:\/\/www.aclukansas.org\/es\/wp-json\/wp\/v2\/pages\/11250\/revisions\/11253"}],"wp:attachment":[{"href":"https:\/\/www.aclukansas.org\/es\/wp-json\/wp\/v2\/media?parent=11250"}],"curies":[{"name":"wp","href":"https:\/\/api.w.org\/{rel}","templated":true}]}}