{"id":10443,"date":"2022-07-12T17:30:00","date_gmt":"2022-07-12T21:30:00","guid":{"rendered":"https:\/\/www.aclukansas.org\/election-protection\/"},"modified":"2026-03-26T14:46:42","modified_gmt":"2026-03-26T18:46:42","slug":"proteccion-electoral","status":"publish","type":"page","link":"https:\/\/www.aclukansas.org\/es\/proteccion-electoral\/","title":{"rendered":"Protecci\u00f3n Electoral"},"content":{"rendered":"<h2>Votar es tu derecho. Estamos aqu\u00ed para protegerlo. <\/h2>\n<p><em><a href=\"https:\/\/www.aclukansas.org\/proteccion-electoral\/\">Para English, apaga aqui.<\/a><\/em><\/p>\n<p>La ACLU de Kansas dirige la rama jur\u00eddica de nuestro <a href=\"https:\/\/866ourvote.org\/\">programa estatal y no partidista de Protecci\u00f3n Electoral<\/a>, respondiendo a los problemas que se plantean en la <strong>l\u00ednea directa 866-OUR-VOTE <\/strong>a lo largo de muchos ciclos electorales. Hemos trabajado con \u00e9xito con los funcionarios electorales para garantizar que la votaci\u00f3n sea tan segura y accesible como debe ser para todos los habitantes de Kansas, pero a\u00fan pueden surgir problemas en las urnas. Por eso estamos aqu\u00ed. Si los votantes tienen alguna pregunta o problema al inscribirse para votar, votar anticipadamente o por correo, o votar el d\u00eda de las elecciones, deben notificarlo a la l\u00ednea directa para que podamos ayudarles o investigar. El esfuerzo de Protecci\u00f3n Electoral tambi\u00e9n incluye la presencia de observadores electorales no partidistas en los centros de votaci\u00f3n de todo el estado para observar y documentar cualquier problema en las urnas.   <\/p>\n<p><a href=\"https:\/\/www.aclukansas.org\/?post_type=action&amp;p=2878\">VOLUNTARIO DEL EQUIPO DE PROTECCI\u00d3N ELECTORAL<\/a><\/p>\n<p><strong>L\u00edneas directas de protecci\u00f3n electoral:<\/strong><\/p>\n<ul>\n<li>ESPA\u00d1OL 866-NUESTRO-VOTO (866-687-8683)<\/li>\n<li>ESPA\u00d1OL\/INGL\u00c9S 888-VE-Y-VOTA (888-839-8682)<\/li>\n<li>LENGUAS ASI\u00c1TICAS\/INGL\u00c9S 888-API-VOTE (888-274-8683)<\/li>\n<li>\u00c1RABE\/INGL\u00c9S 844-YALLA-US (844-925-5287)<\/li>\n<\/ul>\n<p>&nbsp;<\/p>\n<p><strong>Otros recursos<\/strong><\/p>\n<ul>\n<li><a href=\"https:\/\/whistleblower.org\/wp-content\/uploads\/2024\/09\/FINAL-Election-Guide.pdf\">Gu\u00eda para defender a los funcionarios y trabajadores electorales (Government Accountability Project)<\/a><\/li>\n<li><a href=\"https:\/\/www.aclukansas.org\/know-your-rights\/know-your-voting-rights\/\">Conoce tus derechos de voto&nbsp;<\/a><\/li>\n<li><a href=\"https:\/\/www.aclukansas.org\/know-your-rights\/know-your-voting-rights-voting-criminal-record\/\">Votar con antecedentes penales<\/a><\/li>\n<li><a href=\"https:\/\/www.aclukansas.org\/know-your-rights\/know-your-voting-rights-voting-jail\/\">Votar desde la c\u00e1rcel<\/a><\/li>\n<li><a href=\"https:\/\/www.aclukansas.org\/know-your-rights\/if-you-requested-advanced-mail-ballot-and-did-not-receive-it\/\">Qu\u00e9 hacer si no has recibido tus papeletas de voto anticipado como hab\u00edas solicitado<\/a><\/li>\n<li><a href=\"https:\/\/www.aclukansas.org\/know-your-rights\/know-your-voting-rights-survivor-domestic-violence\/\">Votar como superviviente de la violencia dom\u00e9stica<\/a><\/li>\n<li><a href=\"https:\/\/www.aclukansas.org\/know-your-rights\/know-your-voting-rights-while-unhoused\/\">Votar sin estar alojado<\/a><\/li>\n<li><a href=\"https:\/\/www.drckansas.org\/resource-center\/voting\">Centro de Derechos de los Discapacitados de Kansas: Recursos para el voto<\/a><\/li>\n<\/ul>\n<p><iframe loading=\"lazy\" width=\"560\" height=\"315\" src=\"https:\/\/www.youtube.com\/watch?v=Va8F3dwY4YI\" frameborder=\"0\" allowfullscreen=\"\"><\/iframe><\/p>\n<p>&nbsp;<\/p>\n<p><iframe loading=\"lazy\" width=\"560\" height=\"315\" src=\"https:\/\/www.youtube.com\/watch?v=743nZ12S89A\" frameborder=\"0\" allowfullscreen=\"\"><\/iframe><\/p>\n<p>&nbsp;<\/p>\n","protected":false},"excerpt":{"rendered":"<p>Votar es tu derecho. Estamos aqu\u00ed para protegerlo. Para English, apaga aqui. La ACLU de Kansas dirige la rama jur\u00eddica de nuestro programa estatal y no partidista de Protecci\u00f3n Electoral, respondiendo a los problemas que se plantean en la l\u00ednea directa 866-OUR-VOTE a lo largo de muchos ciclos electorales. Hemos trabajado con \u00e9xito con los [&hellip;]<\/p>\n","protected":false},"author":7,"featured_media":0,"parent":0,"menu_order":0,"comment_status":"closed","ping_status":"closed","template":"","meta":{"_acf_changed":false,"_relevanssi_hide_post":"","_relevanssi_hide_content":"","_relevanssi_pin_for_all":"","_relevanssi_pin_keywords":"","_relevanssi_unpin_keywords":"","_relevanssi_related_keywords":"","_relevanssi_related_include_ids":"","_relevanssi_related_exclude_ids":"","_relevanssi_related_no_append":"","_relevanssi_related_not_related":"","_relevanssi_related_posts":"","_relevanssi_noindex_reason":"","footnotes":""},"class_list":["post-10443","page","type-page","status-publish","hentry"],"acf":{"layout":"default","header-group":{"header-description":"","show-subnav":false,"hide-from-subnav":false},"components":[{"acf_fc_layout":"single-image","single-image":{"":null,"image-group":{"image":10400,"":null,"caption":"","credit":"","link-settings":"none","url":""},"width":"standard","alignment":"left"}},{"acf_fc_layout":"heading","heading":{"":null,"text":"Votar es tu derecho. Estamos aqu\u00ed para protegerlo.","anchor":"","sub-heading":"","type":"h2","heading-style":"standard"}},{"acf_fc_layout":"text","text":{"text":"ACLU de Kansas est\u00e1 a cargo de la rama legal de nuestro <a href=\"https:\/\/866ourvote.org\/\">Programa de Protecci\u00f3n Electoral<\/a> estatal y no partidario, que responde a asuntos reportados a trav\u00e9s de nuestra l\u00ednea de <b>asistencia<\/b> <b>866-OUR-VOTE<\/b>. Si los votantes se enfrentan a alguna situaci\u00f3n, al intentar registrarse para votar, al votar anticipadamente o por correo, o al votar el D\u00eda de las Elecciones, deber\u00e1n notificar a la l\u00ednea de asistencia para que podamos hacer una investigaci\u00f3n. Tambi\u00e9n tendremos observadores de casillas electorales, no partidarios, en lugares de votaci\u00f3n a lo largo del estado para observar y documentar cualquier situaci\u00f3n que ocurra en las casillas.\r\n\r\n<a href=\"https:\/\/www.aclukansas.org\/en\/node\/2376\">Hazte voluntario con el equipo de protecci\u00f3n electoral<\/a>\r\n\r\nHemos estado trabajando exitosamente con oficiales electorales para cerciorarnos que el voto sea seguro y accesible, tal cual debe ser para todo kanse\u00f1o. Sin embargo, puede que surjan algunas situaciones en las casillas electorales. Por eso es que estamos aqu\u00ed.\r\n\r\n<b>L\u00edneas de Asistencia para la Protecci\u00f3n Electoral<\/b>\r\n<ul>\r\n \t<li>ENGLISH 866-OUR-VOTE (866-687-8683)<\/li>\r\n \t<li>ESPA\u00d1OL\/INGL\u00c9S 888-VE-Y-VOTA (888-839-8682)<\/li>\r\n \t<li>IDIOMAS ASI\u00c1TICOS \/INGL\u00c9S 888-API-VOTE (888-274-8683)<\/li>\r\n \t<li>\u00c1RABE \/INGL\u00c9S 844-YALLA-US (844-925-5287)<\/li>\r\n<\/ul>"}},{"acf_fc_layout":"heading","heading":{"":null,"text":"","anchor":"","sub-heading":"","type":"h2","heading-style":"standard"}},{"acf_fc_layout":"youtube","youtube":{"oembed-url":"","cover-image":null}}],"section":null,"issues":[4778],"related_content":[2651,5987,10419,2336,6651,5925,3129,10427,2354,5996,5919],"documents":null},"yoast_head":"<!-- This site is optimized with the Yoast SEO plugin v24.9 - https:\/\/yoast.com\/wordpress\/plugins\/seo\/ -->\n<title>Protecci\u00f3n Electoral - ACLU of Kansas<\/title>\n<meta name=\"robots\" content=\"index, follow, max-snippet:-1, max-image-preview:large, max-video-preview:-1\" \/>\n<link rel=\"canonical\" href=\"https:\/\/www.aclukansas.org\/es\/proteccion-electoral\/\" \/>\n<meta property=\"og:locale\" content=\"es_ES\" \/>\n<meta property=\"og:type\" content=\"article\" \/>\n<meta property=\"og:title\" content=\"Protecci\u00f3n Electoral - ACLU of Kansas\" \/>\n<meta property=\"og:description\" content=\"Votar es tu derecho. Estamos aqu\u00ed para protegerlo. Para English, apaga aqui. La ACLU de Kansas dirige la rama jur\u00eddica de nuestro programa estatal y no partidista de Protecci\u00f3n Electoral, respondiendo a los problemas que se plantean en la l\u00ednea directa 866-OUR-VOTE a lo largo de muchos ciclos electorales. Hemos trabajado con \u00e9xito con los [&hellip;]\" \/>\n<meta property=\"og:url\" content=\"https:\/\/www.aclukansas.org\/es\/proteccion-electoral\/\" \/>\n<meta property=\"og:site_name\" content=\"ACLU of Kansas\" \/>\n<meta property=\"article:publisher\" content=\"https:\/\/www.facebook.com\/aclukansas\" \/>\n<meta property=\"article:modified_time\" content=\"2026-03-26T18:46:42+00:00\" \/>\n<meta property=\"og:image\" content=\"https:\/\/www.aclukansas.org\/app\/themes\/aclu-parent\/img\/default_fb_share.jpg\" \/>\n<meta name=\"twitter:card\" content=\"summary_large_image\" \/>\n<meta name=\"twitter:site\" content=\"@aclukansas\" \/>\n<script type=\"application\/ld+json\" class=\"yoast-schema-graph\">{\"@context\":\"https:\/\/schema.org\",\"@graph\":[{\"@type\":\"WebPage\",\"@id\":\"https:\/\/www.aclukansas.org\/es\/proteccion-electoral\/\",\"url\":\"https:\/\/www.aclukansas.org\/es\/proteccion-electoral\/\",\"name\":\"Protecci\u00f3n Electoral - ACLU of Kansas\",\"isPartOf\":{\"@id\":\"https:\/\/www.aclukansas.org\/#website\"},\"datePublished\":\"2022-07-12T21:30:00+00:00\",\"dateModified\":\"2026-03-26T18:46:42+00:00\",\"inLanguage\":\"es-ES\",\"potentialAction\":[{\"@type\":\"ReadAction\",\"target\":[\"https:\/\/www.aclukansas.org\/es\/proteccion-electoral\/\"]}]},{\"@type\":\"WebSite\",\"@id\":\"https:\/\/www.aclukansas.org\/#website\",\"url\":\"https:\/\/www.aclukansas.org\/\",\"name\":\"ACLU of Kansas\",\"description\":\"\",\"publisher\":{\"@id\":\"https:\/\/www.aclukansas.org\/#organization\"},\"potentialAction\":[{\"@type\":\"SearchAction\",\"target\":{\"@type\":\"EntryPoint\",\"urlTemplate\":\"https:\/\/www.aclukansas.org\/?s={search_term_string}\"},\"query-input\":{\"@type\":\"PropertyValueSpecification\",\"valueRequired\":true,\"valueName\":\"search_term_string\"}}],\"inLanguage\":\"es-ES\"},{\"@type\":\"Organization\",\"@id\":\"https:\/\/www.aclukansas.org\/#organization\",\"name\":\"ACLU of Kansas\",\"url\":\"https:\/\/www.aclukansas.org\/\",\"logo\":{\"@type\":\"ImageObject\",\"inLanguage\":\"es-ES\",\"@id\":\"https:\/\/www.aclukansas.org\/#\/schema\/logo\/image\/\",\"url\":\"https:\/\/www.aclukansas.org\/app\/uploads\/2025\/09\/ACLU-Kansas__Color-Logo_RGB.png\",\"contentUrl\":\"https:\/\/www.aclukansas.org\/app\/uploads\/2025\/09\/ACLU-Kansas__Color-Logo_RGB.png\",\"width\":1054,\"height\":576,\"caption\":\"ACLU of Kansas\"},\"image\":{\"@id\":\"https:\/\/www.aclukansas.org\/#\/schema\/logo\/image\/\"},\"sameAs\":[\"https:\/\/www.facebook.com\/aclukansas\",\"https:\/\/x.com\/aclukansas\"]}]}<\/script>\n<!-- \/ Yoast SEO plugin. -->","yoast_head_json":{"title":"Protecci\u00f3n Electoral - ACLU of Kansas","robots":{"index":"index","follow":"follow","max-snippet":"max-snippet:-1","max-image-preview":"max-image-preview:large","max-video-preview":"max-video-preview:-1"},"canonical":"https:\/\/www.aclukansas.org\/es\/proteccion-electoral\/","og_locale":"es_ES","og_type":"article","og_title":"Protecci\u00f3n Electoral - ACLU of Kansas","og_description":"Votar es tu derecho. Estamos aqu\u00ed para protegerlo. Para English, apaga aqui. La ACLU de Kansas dirige la rama jur\u00eddica de nuestro programa estatal y no partidista de Protecci\u00f3n Electoral, respondiendo a los problemas que se plantean en la l\u00ednea directa 866-OUR-VOTE a lo largo de muchos ciclos electorales. Hemos trabajado con \u00e9xito con los [&hellip;]","og_url":"https:\/\/www.aclukansas.org\/es\/proteccion-electoral\/","og_site_name":"ACLU of Kansas","article_publisher":"https:\/\/www.facebook.com\/aclukansas","article_modified_time":"2026-03-26T18:46:42+00:00","og_image":[{"url":"https:\/\/www.aclukansas.org\/app\/themes\/aclu-parent\/img\/default_fb_share.jpg","type":"","width":"","height":""}],"twitter_card":"summary_large_image","twitter_site":"@aclukansas","schema":{"@context":"https:\/\/schema.org","@graph":[{"@type":"WebPage","@id":"https:\/\/www.aclukansas.org\/es\/proteccion-electoral\/","url":"https:\/\/www.aclukansas.org\/es\/proteccion-electoral\/","name":"Protecci\u00f3n Electoral - ACLU of Kansas","isPartOf":{"@id":"https:\/\/www.aclukansas.org\/#website"},"datePublished":"2022-07-12T21:30:00+00:00","dateModified":"2026-03-26T18:46:42+00:00","inLanguage":"es-ES","potentialAction":[{"@type":"ReadAction","target":["https:\/\/www.aclukansas.org\/es\/proteccion-electoral\/"]}]},{"@type":"WebSite","@id":"https:\/\/www.aclukansas.org\/#website","url":"https:\/\/www.aclukansas.org\/","name":"ACLU of Kansas","description":"","publisher":{"@id":"https:\/\/www.aclukansas.org\/#organization"},"potentialAction":[{"@type":"SearchAction","target":{"@type":"EntryPoint","urlTemplate":"https:\/\/www.aclukansas.org\/?s={search_term_string}"},"query-input":{"@type":"PropertyValueSpecification","valueRequired":true,"valueName":"search_term_string"}}],"inLanguage":"es-ES"},{"@type":"Organization","@id":"https:\/\/www.aclukansas.org\/#organization","name":"ACLU of Kansas","url":"https:\/\/www.aclukansas.org\/","logo":{"@type":"ImageObject","inLanguage":"es-ES","@id":"https:\/\/www.aclukansas.org\/#\/schema\/logo\/image\/","url":"https:\/\/www.aclukansas.org\/app\/uploads\/2025\/09\/ACLU-Kansas__Color-Logo_RGB.png","contentUrl":"https:\/\/www.aclukansas.org\/app\/uploads\/2025\/09\/ACLU-Kansas__Color-Logo_RGB.png","width":1054,"height":576,"caption":"ACLU of Kansas"},"image":{"@id":"https:\/\/www.aclukansas.org\/#\/schema\/logo\/image\/"},"sameAs":["https:\/\/www.facebook.com\/aclukansas","https:\/\/x.com\/aclukansas"]}]}},"distributor_meta":false,"distributor_terms":false,"distributor_media":false,"distributor_original_site_name":"ACLU of Kansas","distributor_original_site_url":"https:\/\/www.aclukansas.org\/es\/","push-errors":false,"_links":{"self":[{"href":"https:\/\/www.aclukansas.org\/es\/wp-json\/wp\/v2\/pages\/10443","targetHints":{"allow":["GET"]}}],"collection":[{"href":"https:\/\/www.aclukansas.org\/es\/wp-json\/wp\/v2\/pages"}],"about":[{"href":"https:\/\/www.aclukansas.org\/es\/wp-json\/wp\/v2\/types\/page"}],"author":[{"embeddable":true,"href":"https:\/\/www.aclukansas.org\/es\/wp-json\/wp\/v2\/users\/7"}],"replies":[{"embeddable":true,"href":"https:\/\/www.aclukansas.org\/es\/wp-json\/wp\/v2\/comments?post=10443"}],"version-history":[{"count":9,"href":"https:\/\/www.aclukansas.org\/es\/wp-json\/wp\/v2\/pages\/10443\/revisions"}],"predecessor-version":[{"id":10458,"href":"https:\/\/www.aclukansas.org\/es\/wp-json\/wp\/v2\/pages\/10443\/revisions\/10458"}],"acf:post":[{"embeddable":true,"href":"https:\/\/www.aclukansas.org\/es\/wp-json\/wp\/v2\/press_release\/5919"},{"embeddable":true,"href":"https:\/\/www.aclukansas.org\/es\/wp-json\/wp\/v2\/press_release\/5996"},{"embeddable":true,"href":"https:\/\/www.aclukansas.org\/es\/wp-json\/wp\/v2\/pages\/2354"},{"embeddable":true,"href":"https:\/\/www.aclukansas.org\/es\/wp-json\/wp\/v2\/kyr\/10427"},{"embeddable":true,"href":"https:\/\/www.aclukansas.org\/es\/wp-json\/wp\/v2\/publication\/3129"},{"embeddable":true,"href":"https:\/\/www.aclukansas.org\/es\/wp-json\/wp\/v2\/press_release\/5925"},{"embeddable":true,"href":"https:\/\/www.aclukansas.org\/es\/wp-json\/wp\/v2\/posts\/6651"},{"embeddable":true,"href":"https:\/\/www.aclukansas.org\/es\/wp-json\/wp\/v2\/pages\/2336"},{"embeddable":true,"href":"https:\/\/www.aclukansas.org\/es\/wp-json\/wp\/v2\/kyr\/10419"},{"embeddable":true,"href":"https:\/\/www.aclukansas.org\/es\/wp-json\/wp\/v2\/press_release\/5987"},{"embeddable":true,"href":"https:\/\/www.aclukansas.org\/es\/wp-json\/wp\/v2\/pages\/2651"},{"embeddable":true,"href":"https:\/\/www.aclukansas.org\/es\/wp-json\/wp\/v2\/issue\/4778"}],"wp:attachment":[{"href":"https:\/\/www.aclukansas.org\/es\/wp-json\/wp\/v2\/media?parent=10443"}],"curies":[{"name":"wp","href":"https:\/\/api.w.org\/{rel}","templated":true}]}}